{"id":94,"date":"2020-10-16T10:16:48","date_gmt":"2020-10-16T10:16:48","guid":{"rendered":"https:\/\/aanpak.es\/?page_id=94"},"modified":"2025-04-06T18:14:47","modified_gmt":"2025-04-06T18:14:47","slug":"home-2","status":"publish","type":"page","link":"https:\/\/aanpak.es\/en\/","title":{"rendered":"HOME"},"content":{"rendered":"<p>[vc_row css_animation=&#8221;&#8221; row_type=&#8221;row&#8221; use_row_as_full_screen_section=&#8221;no&#8221; type=&#8221;full_width&#8221; angled_section=&#8221;no&#8221; text_align=&#8221;left&#8221; background_image_as_pattern=&#8221;without_pattern&#8221; z_index=&#8221;&#8221; css=&#8221;.vc_custom_1642177320150{background-image: url(https:\/\/aanpak.es\/wp-content\/uploads\/2020\/11\/people_connected.jpg?id=941) !important;background-position: center !important;background-repeat: no-repeat !important;background-size: cover !important;}&#8221;][vc_column css=&#8221;.vc_custom_1603201906095{padding-top: 6% !important;padding-bottom: 6% !important;}&#8221;][vc_empty_space][vc_row_inner row_type=&#8221;row&#8221; type=&#8221;grid&#8221; text_align=&#8221;left&#8221; css_animation=&#8221;&#8221;][vc_column_inner]\n\t\t\t\t<p class=\"rs-p-wp-fix\"><\/p>\n\t\t\t\t<sr7-module data-alias=\"slider-1\" data-id=\"97\" id=\"SR7_97_1\" class=\"rs-ov-hidden\" data-version=\"6.7.54\">\n\t\t\t\t\t<sr7-adjuster><\/sr7-adjuster>\n\t\t\t\t\t<sr7-content>\n\t\t\t\t\t\t<sr7-slide id=\"SR7_97_1-34\" data-key=\"34\">\n\t\t\t\t\t\t<\/sr7-slide>\n\t\t\t\t\t\t<sr7-slide id=\"SR7_97_1-55\" data-key=\"55\">\n\t\t\t\t\t\t<\/sr7-slide>\n\t\t\t\t\t<\/sr7-content>\n\t\t\t\t<\/sr7-module>\n\t\t\t\t<script>\n\t\t\t\t\twindow.SR7 ??={};SR7.PMH ??={}; SR7.PMH[\"SR7_97_1\"] = {cn:100,state:false,fn: function() { if (window._tpt!==undefined && window._tpt.prepareModuleHeight !== undefined) {  _tpt.prepareModuleHeight({id:\"SR7_97_1\",el:[1080,1080,768,960,720],type:'standard',shdw:'0',gh:[1080,1080,576,438,270],gw:[1920,1920,1024,778,480],vpt:['-200px'],size:{fullWidth:false, fullHeight:false},mh:'0',onh:0,onw:0,bg:{color:'{\"orig\":\"transparent\",\"type\":\"solid\",\"string\":\"transparent\"}'}});   SR7.PMH[\"SR7_97_1\"].state=true;} else if(SR7.PMH[\"SR7_97_1\"].cn-->0)\tsetTimeout( SR7.PMH[\"SR7_97_1\"].fn,19);}};SR7.PMH[\"SR7_97_1\" ].fn();\n\t\t\t\t<\/script>\n[\/vc_column_inner][\/vc_row_inner][\/vc_column][\/vc_row][vc_row css_animation=&#8221;&#8221; row_type=&#8221;row&#8221; use_row_as_full_screen_section=&#8221;no&#8221; type=&#8221;full_width&#8221; angled_section=&#8221;no&#8221; text_align=&#8221;left&#8221; background_image_as_pattern=&#8221;without_pattern&#8221; css=&#8221;.vc_custom_1603375396619{background-image: url(https:\/\/aanpak.es\/wp-content\/uploads\/2020\/10\/universo3.jpg?id=396) !important;}&#8221; z_index=&#8221;&#8221; el_id=&#8221;porque&#8221; anchor=&#8221;porque&#8221;][vc_column css_animation=&#8221;fadeIn&#8221; css=&#8221;.vc_custom_1603279523911{padding-bottom: 5% !important;}&#8221;][vc_row_inner row_type=&#8221;row&#8221; type=&#8221;grid&#8221; text_align=&#8221;left&#8221; css_animation=&#8221;&#8221;][vc_column_inner css=&#8221;.vc_custom_1603375512767{padding-right: 15% !important;padding-left: 15% !important;background-color: rgba(4,19,63,0.45) !important;*background-color: rgb(4,19,63) !important;}&#8221;][vc_empty_space height=&#8221;20px&#8221;][vc_text_separator title=&#8221;WHY AANPAK&#8221; border=&#8221;no&#8221; background_color=&#8221;#345a78&#8243;][vc_column_text]<\/p>\n<h6 style=\"text-align: center;\"><span style=\"font-size: 13pt;\">AANPAK is a Dutch origin Word that means focus and approach. With this vision we would like to lead a new concept in terms of procuring talent, Retribution and Outplacement.<\/span><\/h6>\n<p>&nbsp;<\/p>\n<h6 style=\"text-align: center;\"><span style=\"font-size: 13pt;\">A new way to function that covers the complete cycle of Human resource management. Starting from the initial search, the evaluation, development process, retribution and finally the departure. All of it with a deep and complex process designed to ensure the complete satisfaction of the client using the services.<\/span><\/h6>\n<p>&nbsp;<\/p>\n<h6 style=\"text-align: center;\"><span style=\"font-size: 13pt;\">A new approach to execute the businesses that surpasses the outdated methods. Where the employee would receive the benefits of their achievements and would feel like an integral part of the company where they are working. Striving to achieve the best position and feel accomplished.<\/span><\/h6>\n<p>&nbsp;<\/p>\n<h6 style=\"text-align: center;\"><span style=\"font-size: 13pt;\">Because of this we talk about commitments , with our clients and the candidates.<\/span><\/h6>\n<p>[\/vc_column_text][vc_empty_space height=&#8221;20px&#8221;][vc_separator type=&#8221;small&#8221; position=&#8221;center&#8221; color=&#8221;#ffffff&#8221;][vc_single_image image=&#8221;190&#8243; img_size=&#8221;medium&#8221; alignment=&#8221;center&#8221; qode_css_animation=&#8221;&#8221;][vc_empty_space height=&#8221;20px&#8221;][\/vc_column_inner][\/vc_row_inner][\/vc_column][\/vc_row][vc_row css_animation=&#8221;&#8221; row_type=&#8221;row&#8221; use_row_as_full_screen_section=&#8221;no&#8221; type=&#8221;full_width&#8221; angled_section=&#8221;no&#8221; text_align=&#8221;left&#8221; background_image_as_pattern=&#8221;without_pattern&#8221; z_index=&#8221;&#8221;][vc_column]\n\t\t\t\t<p class=\"rs-p-wp-fix\"><\/p>\n\t\t\t\t<sr7-module data-alias=\"people-connected-1\" data-id=\"64\" id=\"welcome\" class=\"rs-respect-topbar rs-ov-hidden\" data-version=\"6.7.54\">\n\t\t\t\t\t<sr7-adjuster><\/sr7-adjuster>\n\t\t\t\t\t<sr7-content>\n\t\t\t\t\t\t<sr7-slide id=\"welcome-13\" data-key=\"13\">\n\t\t\t\t\t\t\t<h1 id=\"welcome-13-5\" class=\"sr7-layer\">WE CONNECT<\/h1>\n\t\t\t\t\t\t\t<p id=\"welcome-13-7\" class=\"sr7-layer\">DARE TO CHANGE, is our way to express the philosophy of AANPAK.<br \/>\nWe would like to help people and companies to change and reach their full potential <br \/>\nWe would like to build confidence, help them achieve their goals, dare to be brave and grow <br \/>\nIt is our philosophy, it is Dare To Change<br \/>\n<\/p>\n\t\t\t\t\t\t<\/sr7-slide>\n\t\t\t\t\t\t<sr7-slide id=\"welcome-44\" data-key=\"44\">\n\t\t\t\t\t\t<\/sr7-slide>\n\t\t\t\t\t<\/sr7-content>\n\t\t\t\t<\/sr7-module>\n\t\t\t\t<script>\n\t\t\t\t\twindow.SR7 ??={};SR7.PMH ??={}; SR7.PMH[\"welcome\"] = {cn:100,state:false,fn: function() { if (window._tpt!==undefined && window._tpt.prepareModuleHeight !== undefined) {  _tpt.prepareModuleHeight({id:\"welcome\",el:[700,700,777,625,562],type:'hero',shdw:'0',gh:[700,700,777,625,562],gw:[1240,1240,1024,778,480],vpt:['-200px&#039;,&#039;-200px&#039;,&#039;-200px&#039;,&#039;-200px&#039;,&#039;-200px'],size:{fullWidth:false, fullHeight:false},mh:'0',onh:0,onw:0,bg:{color:'{\"type\":\"solid\",\"orig\":\"#000000\",\"string\":\"rgba(0, 0, 0, 1)\"}'}});   SR7.PMH[\"welcome\"].state=true;} else if(SR7.PMH[\"welcome\"].cn-->0)\tsetTimeout( SR7.PMH[\"welcome\"].fn,19);}};SR7.PMH[\"welcome\" ].fn();\n\t\t\t\t<\/script>\n[\/vc_column][\/vc_row][vc_row css_animation=&#8221;&#8221; row_type=&#8221;row&#8221; use_row_as_full_screen_section=&#8221;no&#8221; type=&#8221;full_width&#8221; angled_section=&#8221;no&#8221; text_align=&#8221;center&#8221; background_image_as_pattern=&#8221;without_pattern&#8221; css=&#8221;.vc_custom_1603375348561{background: #000000 url(https:\/\/aanpak.es\/wp-content\/uploads\/2020\/10\/estrellas2.jpg?id=445) !important;background-position: center !important;background-repeat: no-repeat !important;background-size: cover !important;}&#8221; z_index=&#8221;&#8221;][vc_column css=&#8221;.vc_custom_1603882290826{padding-top: 3% !important;padding-bottom: 3% !important;}&#8221;][vc_row_inner row_type=&#8221;row&#8221; type=&#8221;grid&#8221; text_align=&#8221;center&#8221; css_animation=&#8221;&#8221;][vc_column_inner css=&#8221;.vc_custom_1603882758887{padding-top: 4% !important;padding-bottom: 4% !important;background-color: #000000 !important;}&#8221;][vc_empty_space height=&#8221;20px&#8221;][vc_single_image image=&#8221;360&#8243; img_size=&#8221;85&#215;85&#8243; alignment=&#8221;center&#8221; qode_css_animation=&#8221;&#8221;][vc_empty_space height=&#8221;20px&#8221;][vc_separator type=&#8221;small&#8221; position=&#8221;center&#8221; color=&#8221;#ffffff&#8221;][vc_column_text]<\/p>\n<h3><span style=\"color: #ffffff;\">THE COMMITMENTS<\/span><\/h3>\n<p>[\/vc_column_text][\/vc_column_inner][\/vc_row_inner][vc_row_inner row_type=&#8221;row&#8221; type=&#8221;grid&#8221; text_align=&#8221;center&#8221; css_animation=&#8221;&#8221; css=&#8221;.vc_custom_1603210925631{padding-top: -10% !important;}&#8221;][vc_column_inner width=&#8221;1\/4&#8243; css=&#8221;.vc_custom_1603881977620{background-color: #000000 !important;}&#8221;]<div class=\"qode-animation-holder element_transform\"><div class=\"qode-animation-holder-inner\"  style=\"-webkit-animation-delay:s; animation-delay:s; -webkit-transition-delay:s; transition-delay:s\"><div class=\"qode-giwt\">\n    <div class=\"qode-giwt-inner qode-type1-gradient-bottom-to-top-text-hover\">\n                    <span class=\"qode-giwt-icon-holder\">\n                <span data-type=\"normal\"  class=\"qode_icon_shortcode  q_font_awsome_icon fa-2x  \" style=\" \"><i class=\"qode_icon_font_awesome_5 fa5 fa fa-award qode_icon_element\" style=\"\" ><\/i><\/span>            <\/span>\n                <div class=\"qode-giwt-content-holder\">\n            <div class=\"qode-giwt-title-holder\">\n                <h4 style=\"text-transform: capitalize;font-weight: 300\">\n                                            SATISFACTION                                    <\/h4>\n            <\/div>\n        <\/div>\n    <\/div>\n<\/div><\/div><\/div>[\/vc_column_inner][vc_column_inner width=&#8221;1\/4&#8243; css=&#8221;.vc_custom_1603881971714{background-color: #000000 !important;}&#8221;]<div class=\"qode-animation-holder element_from_fade\"><div class=\"qode-animation-holder-inner\"  style=\"-webkit-animation-delay:s; animation-delay:s; -webkit-transition-delay:s; transition-delay:s\"><div class=\"qode-giwt\">\n    <div class=\"qode-giwt-inner qode-type1-gradient-bottom-to-top-text-hover\">\n                    <span class=\"qode-giwt-icon-holder\">\n                <span data-type=\"normal\"  class=\"qode_icon_shortcode  q_font_awsome_icon fa-2x  \" style=\" \"><i class=\"qode_icon_font_awesome_5 fa5 fa fa-chess qode_icon_element\" style=\"\" ><\/i><\/span>            <\/span>\n                <div class=\"qode-giwt-content-holder\">\n            <div class=\"qode-giwt-title-holder\">\n                <h4 style=\"text-transform: capitalize;font-weight: 300\">\n                                            LOYALTY                                    <\/h4>\n            <\/div>\n        <\/div>\n    <\/div>\n<\/div><\/div><\/div>[\/vc_column_inner][vc_column_inner width=&#8221;1\/4&#8243; css=&#8221;.vc_custom_1603881982382{background-color: #000000 !important;}&#8221;]<div class=\"qode-animation-holder element_transform\"><div class=\"qode-animation-holder-inner\"  style=\"-webkit-animation-delay:s; animation-delay:s; -webkit-transition-delay:s; transition-delay:s\"><div class=\"qode-giwt\">\n    <div class=\"qode-giwt-inner qode-type1-gradient-bottom-to-top-text-hover\">\n                    <span class=\"qode-giwt-icon-holder\">\n                <span data-type=\"normal\"  class=\"qode_icon_shortcode  q_font_awsome_icon fa-2x  \" style=\" \"><i class=\"qode_icon_font_awesome_5 fa5 fa fa-align-justify qode_icon_element\" style=\"\" ><\/i><\/span>            <\/span>\n                <div class=\"qode-giwt-content-holder\">\n            <div class=\"qode-giwt-title-holder\">\n                <h4 style=\"text-transform: capitalize;font-weight: 300\">\n                                            TRANSPARENCY                                    <\/h4>\n            <\/div>\n        <\/div>\n    <\/div>\n<\/div><\/div><\/div>[\/vc_column_inner][vc_column_inner width=&#8221;1\/4&#8243; css=&#8221;.vc_custom_1603881985422{background-color: #000000 !important;}&#8221;]<div class=\"qode-animation-holder element_transform\"><div class=\"qode-animation-holder-inner\"  style=\"-webkit-animation-delay:s; animation-delay:s; -webkit-transition-delay:s; transition-delay:s\"><div class=\"qode-giwt\">\n    <div class=\"qode-giwt-inner qode-type1-gradient-bottom-to-top-text-hover\">\n                    <span class=\"qode-giwt-icon-holder\">\n                <span data-type=\"normal\"  class=\"qode_icon_shortcode  q_font_awsome_icon fa-2x  \" style=\" \"><i class=\"qode_icon_font_awesome_5 fa5 fa fa-atom qode_icon_element\" style=\"\" ><\/i><\/span>            <\/span>\n                <div class=\"qode-giwt-content-holder\">\n            <div class=\"qode-giwt-title-holder\">\n                <h4 style=\"text-transform: capitalize;font-weight: 300\">\n                                            PEOPLE                                    <\/h4>\n            <\/div>\n        <\/div>\n    <\/div>\n<\/div><\/div><\/div>[\/vc_column_inner][\/vc_row_inner][vc_empty_space height=&#8221;52px&#8221;][\/vc_column][\/vc_row][vc_row css_animation=&#8221;&#8221; row_type=&#8221;row&#8221; use_row_as_full_screen_section=&#8221;no&#8221; type=&#8221;full_width&#8221; angled_section=&#8221;no&#8221; text_align=&#8221;left&#8221; background_image_as_pattern=&#8221;without_pattern&#8221; z_index=&#8221;&#8221; anchor=&#8221;carta&#8221;][vc_column]\n\t\t\t\t<p class=\"rs-p-wp-fix\"><\/p>\n\t\t\t\t<sr7-module data-alias=\"eduardo-quero-1\" data-id=\"65\" id=\"SR7_65_3\" class=\"rs-ov-hidden\" data-version=\"6.7.54\">\n\t\t\t\t\t<sr7-adjuster><\/sr7-adjuster>\n\t\t\t\t\t<sr7-content>\n\t\t\t\t\t\t<sr7-slide id=\"SR7_65_3-14\" data-key=\"14\">\n\t\t\t\t\t\t\t<sr7-bg id=\"SR7_65_3-14-15\" class=\"sr7-layer\"><noscript><img data-recalc-dims=\"1\" decoding=\"async\" src=\"https:\/\/i0.wp.com\/aanpak.es\/wp-content\/uploads\/2023\/04\/prueba66.jpg?w=1060&#038;ssl=1\" alt=\"\" title=\"prueba66\"><\/noscript><\/sr7-bg>\n\t\t\t\t\t\t\t<sr7-txt id=\"SR7_65_3-14-0\" class=\"sr7-layer\">MEET IVANA<\/sr7-txt>\n\t\t\t\t\t\t\t<sr7-txt id=\"SR7_65_3-14-2\" class=\"sr7-layer\">MEET MARINA<\/sr7-txt>\n\t\t\t\t\t\t\t<sr7-txt id=\"SR7_65_3-14-4\" class=\"sr7-layer\">MEET AINHOA<\/sr7-txt>\n\t\t\t\t\t\t\t<sr7-txt id=\"SR7_65_3-14-5\" class=\"sr7-layer\">WHO<br\/>WE ARE<\/sr7-txt>\n\t\t\t\t\t\t\t<sr7-txt id=\"SR7_65_3-14-6\" class=\"sr7-layer\">\"The true greatness of the human being <BR> is born from the desire to serve a cause <BR> greater than oneself\"<\/sr7-txt>\n\t\t\t\t\t\t\t<sr7-txt id=\"SR7_65_3-14-7\" class=\"sr7-layer\">MEET EDUARDO<\/sr7-txt>\n\t\t\t\t\t\t<\/sr7-slide>\n\t\t\t\t\t\t<sr7-slide id=\"SR7_65_3-45\" data-key=\"45\">\n\t\t\t\t\t\t<\/sr7-slide>\n\t\t\t\t\t<\/sr7-content>\n\t\t\t\t\t<image_lists style=\"display:none\">\n\t\t\t\t\t\t<img data-src=\"\/\/aanpak.es\/wp-content\/uploads\/revslider\/galaxy_3-2.jpg\" data-libid=\"88\" title=\"galaxy_3-2.jpg\" width=\"0\" height=\"0\" data-dbsrc=\"Ly9hYW5wYWsuZXMvd3AtY29udGVudC91cGxvYWRzL3JldnNsaWRlci9nYWxheHlfMy0yLmpwZw==\"\/>\n\t\t\t\t\t\t<img data-src=\"\/\/aanpak.es\/wp-content\/uploads\/2023\/04\/prueba66.jpg\" data-libid=\"1407\" data-lib=\"medialibrary\" title=\"prueba66\" width=\"0\" height=\"0\" data-dbsrc=\"Ly9hYW5wYWsuZXMvd3AtY29udGVudC91cGxvYWRzLzIwMjMvMDQvcHJ1ZWJhNjYuanBn\"\/>\n\t\t\t\t\t<\/image_lists>\n\t\t\t\t<\/sr7-module>\n\t\t\t\t<script>\n\t\t\t\t\twindow.SR7 ??={};SR7.PMH ??={}; SR7.PMH[\"SR7_65_3\"] = {cn:100,state:false,fn: function() { if (window._tpt!==undefined && window._tpt.prepareModuleHeight !== undefined) {  _tpt.prepareModuleHeight({id:\"SR7_65_3\",el:[750,750,768,960,720],type:'standard',shdw:'0',gh:[750,750,768,960,720],gw:[1240,1240,1024,778,480],vpt:['-200px&#039;,&#039;-200px&#039;,&#039;-200px&#039;,&#039;-200px&#039;,&#039;-200px'],size:{fullWidth:false, fullHeight:false},mh:'0',onh:0,onw:0,bg:{color:'{\"orig\":\"transparent\",\"type\":\"solid\",\"string\":\"transparent\"}'},plType:'3',plColor:'#FFFFFF'});   SR7.PMH[\"SR7_65_3\"].state=true;} else if(SR7.PMH[\"SR7_65_3\"].cn-->0)\tsetTimeout( SR7.PMH[\"SR7_65_3\"].fn,19);}};SR7.PMH[\"SR7_65_3\" ].fn();\n\t\t\t\t<\/script>\n[\/vc_column][\/vc_row][vc_row css_animation=&#8221;&#8221; row_type=&#8221;row&#8221; use_row_as_full_screen_section=&#8221;no&#8221; type=&#8221;full_width&#8221; angled_section=&#8221;no&#8221; text_align=&#8221;center&#8221; background_image_as_pattern=&#8221;without_pattern&#8221; css=&#8221;.vc_custom_1603289431734{padding-right: 10% !important;padding-left: 10% !important;background: #000000 url(https:\/\/aanpak.es\/wp-content\/uploads\/2020\/10\/texura.jpg?id=245) !important;background-position: center !important;background-repeat: no-repeat !important;background-size: cover !important;}&#8221; z_index=&#8221;&#8221;][vc_column css=&#8221;.vc_custom_1603376883898{padding-top: 6% !important;padding-bottom: 6% !important;}&#8221;][vc_empty_space height=&#8221;10px&#8221;][vc_column_text]<\/p>\n<h3 style=\"text-align: center;\"><span style=\"color: #000000; font-size: 24pt;\"><br \/>\nLAST POSTS IN SEARCH<\/span><\/h3>\n<p>[\/vc_column_text][vc_separator type=&#8221;small&#8221; position=&#8221;center&#8221;]<div class='latest_post_two_holder three_columns'><ul><li class=\"clearfix\"><div class=\"latest_post_two_inner\" style='background-color: #000000;'><div class=\"latest_post_two_text\"><h4 itemprop=\"name\" class=\"latest_post_two_title entry_title\"><a itemprop=\"url\" href=\"https:\/\/aanpak.es\/en\/tecnico-a-de-compras\/\" style='color: #4c85b1;'>T\u00e9cnico\/a de Compras<\/a><\/h4><div class=\"separator small left qode-type1-gradient-left-to-right\" style='background-color: #4c85b1;'><\/div><p itemprop=\"description\" class=\"latest_post_two_excerpt\" style='color: #ffffff;'>El concepto de \u00abcompras\u00bb siempre ha existido desde tiempos pasados, las personas y empresas siempre han tenido que compr<\/p><\/div><div class=\"latest_post_two_info\" style='border-color: #ffffff;'><div class=\"latest_post_two_info_inner\" style='color: #ffffff;'><div class=\"post_info_author\"><img alt='Author Image' src='https:\/\/i0.wp.com\/aanpak.es\/wp-content\/uploads\/2020\/10\/imagotipo.png?fit=30%2C30&#038;ssl=1' srcset='https:\/\/i0.wp.com\/aanpak.es\/wp-content\/uploads\/2020\/10\/imagotipo.png?fit=60%2C60&#038;ssl=1 2x' class='avatar avatar-30 photo' height='30' width='30' \/><span class=\"post_info_author_name\">AANPAK<\/span><\/div><div itemprop=\"dateCreated\" class=\"post_info_date entry_date updated\">27 April, 2026<meta itemprop=\"interactionCount\" content=\"UserComments: <?php echo get_comments_number(qode_get_page_id()); ?>\"\/><\/div><\/div><\/div><\/div><\/li><li class=\"clearfix\"><div class=\"latest_post_two_inner\" style='background-color: #000000;'><div class=\"latest_post_two_text\"><h4 itemprop=\"name\" class=\"latest_post_two_title entry_title\"><a itemprop=\"url\" href=\"https:\/\/aanpak.es\/en\/area-sales-manager-canal-farmacia\/\" style='color: #4c85b1;'>Area Sales Manager Canal Farmacia<\/a><\/h4><div class=\"separator small left qode-type1-gradient-left-to-right\" style='background-color: #4c85b1;'><\/div><p itemprop=\"description\" class=\"latest_post_two_excerpt\" style='color: #ffffff;'>El entorno en el que operan las farmacias es multifac\u00e9tico y requiere un entendimiento profundo de su naturaleza y de la<\/p><\/div><div class=\"latest_post_two_info\" style='border-color: #ffffff;'><div class=\"latest_post_two_info_inner\" style='color: #ffffff;'><div class=\"post_info_author\"><img alt='Author Image' src='https:\/\/i0.wp.com\/aanpak.es\/wp-content\/uploads\/2020\/10\/imagotipo.png?fit=30%2C30&#038;ssl=1' srcset='https:\/\/i0.wp.com\/aanpak.es\/wp-content\/uploads\/2020\/10\/imagotipo.png?fit=60%2C60&#038;ssl=1 2x' class='avatar avatar-30 photo' height='30' width='30' \/><span class=\"post_info_author_name\">AANPAK<\/span><\/div><div itemprop=\"dateCreated\" class=\"post_info_date entry_date updated\">25 April, 2026<meta itemprop=\"interactionCount\" content=\"UserComments: <?php echo get_comments_number(qode_get_page_id()); ?>\"\/><\/div><\/div><\/div><\/div><\/li><li class=\"clearfix\"><div class=\"latest_post_two_inner\" style='background-color: #000000;'><div class=\"latest_post_two_text\"><h4 itemprop=\"name\" class=\"latest_post_two_title entry_title\"><a itemprop=\"url\" href=\"https:\/\/aanpak.es\/en\/account-manager-soluciones-it\/\" style='color: #4c85b1;'>Account Manager Soluciones IT<\/a><\/h4><div class=\"separator small left qode-type1-gradient-left-to-right\" style='background-color: #4c85b1;'><\/div><p itemprop=\"description\" class=\"latest_post_two_excerpt\" style='color: #ffffff;'>En el \u00e1mbito empresarial, los servicios inform\u00e1ticos se han convertido en un factor determinante para la productividad d<\/p><\/div><div class=\"latest_post_two_info\" style='border-color: #ffffff;'><div class=\"latest_post_two_info_inner\" style='color: #ffffff;'><div class=\"post_info_author\"><img alt='Author Image' src='https:\/\/i0.wp.com\/aanpak.es\/wp-content\/uploads\/2020\/10\/imagotipo.png?fit=30%2C30&#038;ssl=1' srcset='https:\/\/i0.wp.com\/aanpak.es\/wp-content\/uploads\/2020\/10\/imagotipo.png?fit=60%2C60&#038;ssl=1 2x' class='avatar avatar-30 photo' height='30' width='30' \/><span class=\"post_info_author_name\">AANPAK<\/span><\/div><div itemprop=\"dateCreated\" class=\"post_info_date entry_date updated\">25 April, 2026<meta itemprop=\"interactionCount\" content=\"UserComments: <?php echo get_comments_number(qode_get_page_id()); ?>\"\/><\/div><\/div><\/div><\/div><\/li><\/ul><\/div>[vc_empty_space][\/vc_column][\/vc_row][vc_row css_animation=&#8221;&#8221; row_type=&#8221;row&#8221; use_row_as_full_screen_section=&#8221;no&#8221; type=&#8221;full_width&#8221; angled_section=&#8221;no&#8221; text_align=&#8221;center&#8221; background_image_as_pattern=&#8221;without_pattern&#8221; css=&#8221;.vc_custom_1603286408195{background: #000000 url(https:\/\/aanpak.es\/wp-content\/uploads\/2020\/10\/rotulo333.jpg?id=405) !important;background-position: center !important;background-repeat: no-repeat !important;background-size: cover !important;}&#8221; z_index=&#8221;&#8221;][vc_column css=&#8221;.vc_custom_1603207819279{padding-top: 18% !important;padding-bottom: 18% !important;}&#8221;][\/vc_column][\/vc_row]<\/p>\n","protected":false},"excerpt":{"rendered":"<p>[vc_row css_animation=&#8221;&#8221; row_type=&#8221;row&#8221; use_row_as_full_screen_section=&#8221;no&#8221; type=&#8221;full_width&#8221; angled_section=&#8221;no&#8221; text_align=&#8221;left&#8221; background_image_as_pattern=&#8221;without_pattern&#8221; z_index=&#8221;&#8221; css=&#8221;.vc_custom_1642177320150{background-image: url(https:\/\/aanpak.es\/wp-content\/uploads\/2020\/11\/people_connected.jpg?id=941) !important;background-position: center !important;background-repeat: no-repeat !important;background-size: cover !important;}&#8221;][vc_column css=&#8221;.vc_custom_1603201906095{padding-top: 6% !important;padding-bottom: 6% !important;}&#8221;][vc_empty_space][vc_row_inner row_type=&#8221;row&#8221; type=&#8221;grid&#8221; text_align=&#8221;left&#8221; css_animation=&#8221;&#8221;][vc_column_inner][\/vc_column_inner][\/vc_row_inner][\/vc_column][\/vc_row][vc_row css_animation=&#8221;&#8221; row_type=&#8221;row&#8221; use_row_as_full_screen_section=&#8221;no&#8221; type=&#8221;full_width&#8221; angled_section=&#8221;no&#8221; text_align=&#8221;left&#8221; background_image_as_pattern=&#8221;without_pattern&#8221; css=&#8221;.vc_custom_1603375396619{background-image: url(https:\/\/aanpak.es\/wp-content\/uploads\/2020\/10\/universo3.jpg?id=396) !important;}&#8221; z_index=&#8221;&#8221; el_id=&#8221;porque&#8221; anchor=&#8221;porque&#8221;][vc_column css_animation=&#8221;fadeIn&#8221; css=&#8221;.vc_custom_1603279523911{padding-bottom: 5% !important;}&#8221;][vc_row_inner row_type=&#8221;row&#8221;&#8230;<\/p>\n","protected":false},"author":1,"featured_media":0,"parent":0,"menu_order":0,"comment_status":"closed","ping_status":"closed","template":"full_width.php","meta":{"_seopress_robots_primary_cat":"","_seopress_titles_title":"Empresa de selecci\u00f3n de personal en M\u00e1laga & Madrid. Headhunters...","_seopress_titles_desc":"Consultor\u00eda de Selecci\u00f3n de Personal, Retribuci\u00f3n y Outplacement l\u00edder en Madrid, Valencia y M\u00e1laga...","_seopress_robots_index":"","footnotes":""},"class_list":["post-94","page","type-page","status-publish","hentry"],"_links":{"self":[{"href":"https:\/\/aanpak.es\/en\/wp-json\/wp\/v2\/pages\/94","targetHints":{"allow":["GET"]}}],"collection":[{"href":"https:\/\/aanpak.es\/en\/wp-json\/wp\/v2\/pages"}],"about":[{"href":"https:\/\/aanpak.es\/en\/wp-json\/wp\/v2\/types\/page"}],"author":[{"embeddable":true,"href":"https:\/\/aanpak.es\/en\/wp-json\/wp\/v2\/users\/1"}],"replies":[{"embeddable":true,"href":"https:\/\/aanpak.es\/en\/wp-json\/wp\/v2\/comments?post=94"}],"version-history":[{"count":5,"href":"https:\/\/aanpak.es\/en\/wp-json\/wp\/v2\/pages\/94\/revisions"}],"predecessor-version":[{"id":1727,"href":"https:\/\/aanpak.es\/en\/wp-json\/wp\/v2\/pages\/94\/revisions\/1727"}],"wp:attachment":[{"href":"https:\/\/aanpak.es\/en\/wp-json\/wp\/v2\/media?parent=94"}],"curies":[{"name":"wp","href":"https:\/\/api.w.org\/{rel}","templated":true}]}}